{"id":69,"date":"2026-02-22T16:37:38","date_gmt":"2026-02-22T16:37:38","guid":{"rendered":"https:\/\/habereder-holzbau.de\/?page_id=69"},"modified":"2026-02-23T22:30:10","modified_gmt":"2026-02-23T22:30:10","slug":"renovierungen","status":"publish","type":"page","link":"https:\/\/habereder-holzbau.de\/?page_id=69","title":{"rendered":"Renovierungen"},"content":{"rendered":"\n<figure class=\"wp-block-image alignwide size-large\"><img loading=\"lazy\" decoding=\"async\" width=\"1024\" height=\"1024\" src=\"https:\/\/habereder-holzbau.de\/wp-content\/uploads\/2026\/02\/image-3-edited-1024x1024.png\" alt=\"\" class=\"wp-image-49\" srcset=\"https:\/\/habereder-holzbau.de\/wp-content\/uploads\/2026\/02\/image-3-edited-1024x1024.png 1024w, https:\/\/habereder-holzbau.de\/wp-content\/uploads\/2026\/02\/image-3-edited-300x300.png 300w, https:\/\/habereder-holzbau.de\/wp-content\/uploads\/2026\/02\/image-3-edited-150x150.png 150w, https:\/\/habereder-holzbau.de\/wp-content\/uploads\/2026\/02\/image-3-edited-768x768.png 768w, https:\/\/habereder-holzbau.de\/wp-content\/uploads\/2026\/02\/image-3-edited.png 1200w\" sizes=\"auto, (max-width: 1024px) 100vw, 1024px\" \/><\/figure>\n\n\n\n<div class=\"wp-block-columns alignwide is-layout-flex wp-container-core-columns-is-layout-28f84493 wp-block-columns-is-layout-flex\">\n<div class=\"wp-block-column is-layout-flow wp-block-column-is-layout-flow\">\n<h3 class=\"wp-block-heading\"><strong>Raumgestaltung<\/strong><\/h3>\n\n\n\n<p class=\"is-style-default has-medium-font-size\">Die Umgestaltung eines Raumes erfordert kreatives Denken und innovative Ideen, um funktionale und ansprechende Designs zu schaffen.<\/p>\n<\/div>\n\n\n\n<div class=\"wp-block-column is-layout-flow wp-block-column-is-layout-flow\">\n<h3 class=\"wp-block-heading\"><strong>Geb\u00e4uderenovierung<\/strong><\/h3>\n\n\n\n<p class=\"is-style-default has-medium-font-size\">Die vollst\u00e4ndige Renovierung eines Geb\u00e4udes erfordert pr\u00e4zise Planung und handwerkliches K\u00f6nnen, um den urspr\u00fcnglichen Charme zu bewahren.<\/p>\n<\/div>\n\n\n\n<div class=\"wp-block-column is-layout-flow wp-block-column-is-layout-flow\">\n<h3 class=\"wp-block-heading\"><strong>Hochwertige Handwerkskunst<\/strong><\/h3>\n\n\n\n<p class=\"is-style-default has-medium-font-size\">Wir legen Wert auf hochwertige Handwerkskunst, die in jedem Detail sichtbar ist und die Lebensqualit\u00e4t verbessert.<\/p>\n<\/div>\n<\/div>\n\n\n\n<p><\/p>\n","protected":false},"excerpt":{"rendered":"<p>Raumgestaltung Die Umgestaltung eines Raumes erfordert kreatives Denken und innovative Ideen, um funktionale und ansprechende Designs zu schaffen. Geb\u00e4uderenovierung Die vollst\u00e4ndige Renovierung eines Geb\u00e4udes erfordert pr\u00e4zise Planung und handwerkliches K\u00f6nnen, um den urspr\u00fcnglichen Charme zu bewahren. Hochwertige Handwerkskunst Wir legen Wert auf hochwertige Handwerkskunst, die in jedem Detail sichtbar ist und die Lebensqualit\u00e4t verbessert.<\/p>\n","protected":false},"author":1,"featured_media":0,"parent":0,"menu_order":0,"comment_status":"closed","ping_status":"closed","template":"","meta":{"footnotes":""},"class_list":["post-69","page","type-page","status-publish","hentry"],"_links":{"self":[{"href":"https:\/\/habereder-holzbau.de\/index.php?rest_route=\/wp\/v2\/pages\/69","targetHints":{"allow":["GET"]}}],"collection":[{"href":"https:\/\/habereder-holzbau.de\/index.php?rest_route=\/wp\/v2\/pages"}],"about":[{"href":"https:\/\/habereder-holzbau.de\/index.php?rest_route=\/wp\/v2\/types\/page"}],"author":[{"embeddable":true,"href":"https:\/\/habereder-holzbau.de\/index.php?rest_route=\/wp\/v2\/users\/1"}],"replies":[{"embeddable":true,"href":"https:\/\/habereder-holzbau.de\/index.php?rest_route=%2Fwp%2Fv2%2Fcomments&post=69"}],"version-history":[{"count":4,"href":"https:\/\/habereder-holzbau.de\/index.php?rest_route=\/wp\/v2\/pages\/69\/revisions"}],"predecessor-version":[{"id":177,"href":"https:\/\/habereder-holzbau.de\/index.php?rest_route=\/wp\/v2\/pages\/69\/revisions\/177"}],"wp:attachment":[{"href":"https:\/\/habereder-holzbau.de\/index.php?rest_route=%2Fwp%2Fv2%2Fmedia&parent=69"}],"curies":[{"name":"wp","href":"https:\/\/api.w.org\/{rel}","templated":true}]}}