{"id":61,"date":"2026-02-22T15:58:54","date_gmt":"2026-02-22T15:58:54","guid":{"rendered":"https:\/\/habereder-holzbau.de\/?page_id=61"},"modified":"2026-02-23T22:01:02","modified_gmt":"2026-02-23T22:01:02","slug":"bau-von-holzhaeusern","status":"publish","type":"page","link":"https:\/\/habereder-holzbau.de\/?page_id=61","title":{"rendered":"Bau von Holzh\u00e4usern"},"content":{"rendered":"\n<div class=\"wp-block-group alignfull has-global-padding is-content-justification-center is-layout-constrained wp-block-group-is-layout-constrained\">\n<div class=\"wp-block-group alignfull is-style-default has-global-padding is-layout-constrained wp-block-group-is-layout-constrained\">\n<figure class=\"wp-block-image alignwide size-large\"><img loading=\"lazy\" decoding=\"async\" width=\"1024\" height=\"768\" src=\"https:\/\/habereder-holzbau.de\/wp-content\/uploads\/2026\/02\/image-4-1024x768.png\" alt=\"\" class=\"wp-image-62\" srcset=\"https:\/\/habereder-holzbau.de\/wp-content\/uploads\/2026\/02\/image-4-1024x768.png 1024w, https:\/\/habereder-holzbau.de\/wp-content\/uploads\/2026\/02\/image-4-300x225.png 300w, https:\/\/habereder-holzbau.de\/wp-content\/uploads\/2026\/02\/image-4-768x576.png 768w, https:\/\/habereder-holzbau.de\/wp-content\/uploads\/2026\/02\/image-4-1536x1152.png 1536w, https:\/\/habereder-holzbau.de\/wp-content\/uploads\/2026\/02\/image-4.png 1600w\" sizes=\"auto, (max-width: 1024px) 100vw, 1024px\" \/><\/figure>\n<\/div>\n\n\n\n<div class=\"wp-block-group alignwide is-style-default has-global-padding is-layout-constrained wp-container-core-group-is-layout-124f757b wp-block-group-is-layout-constrained\" style=\"padding-top:0;padding-right:0;padding-bottom:0;padding-left:0\">\n<div class=\"wp-block-columns alignfull is-layout-flex wp-container-core-columns-is-layout-a2c20538 wp-block-columns-is-layout-flex\" style=\"margin-top:0;margin-bottom:0;padding-top:0;padding-right:0;padding-bottom:0;padding-left:0\">\n<div class=\"wp-block-column is-layout-flow wp-block-column-is-layout-flow\">\n<h3 class=\"wp-block-heading\"><strong>Spezialisierung auf Holzh\u00e4user<\/strong><\/h3>\n\n\n\n<p class=\"is-style-default has-medium-font-size\">Unsere Zimmerei ist spezialisiert auf den Bau von ma\u00dfgeschneiderten Holzh\u00e4usern, die den individuellen Bed\u00fcrfnissen unserer Kunden gerecht werden.<\/p>\n<\/div>\n\n\n\n<div class=\"wp-block-column is-layout-flow wp-block-column-is-layout-flow\">\n<h3 class=\"wp-block-heading\"><strong>Zusammenarbeit mit Kunden<\/strong><\/h3>\n\n\n\n<p class=\"is-style-default has-medium-font-size\">Wir arbeiten eng mit unseren Kunden zusammen, um sicherzustellen, dass ihre W\u00fcnsche und Anforderungen in den Bauprozess integriert werden.<\/p>\n<\/div>\n\n\n\n<div class=\"wp-block-column is-layout-flow wp-block-column-is-layout-flow\">\n<h3 class=\"wp-block-heading\"><strong>Nachhaltigkeit und Energieeffizienz<\/strong><\/h3>\n\n\n\n<p class=\"is-style-default has-medium-font-size\">Unsere Holzh\u00e4user sind nicht nur \u00e4sthetisch ansprechend, sondern auch nachhaltig und energieeffizient, um umweltfreundliches Wohnen zu f\u00f6rdern.<\/p>\n<\/div>\n<\/div>\n<\/div>\n<\/div>\n\n\n\n<p class=\"is-style-default has-small-font-size\"><\/p>\n","protected":false},"excerpt":{"rendered":"<p>Spezialisierung auf Holzh\u00e4user Unsere Zimmerei ist spezialisiert auf den Bau von ma\u00dfgeschneiderten Holzh\u00e4usern, die den individuellen Bed\u00fcrfnissen unserer Kunden gerecht werden. Zusammenarbeit mit Kunden Wir arbeiten eng mit unseren Kunden zusammen, um sicherzustellen, dass ihre W\u00fcnsche und Anforderungen in den Bauprozess integriert werden. Nachhaltigkeit und Energieeffizienz Unsere Holzh\u00e4user sind nicht nur \u00e4sthetisch ansprechend, sondern auch [&hellip;]<\/p>\n","protected":false},"author":1,"featured_media":0,"parent":0,"menu_order":0,"comment_status":"closed","ping_status":"closed","template":"","meta":{"footnotes":""},"class_list":["post-61","page","type-page","status-publish","hentry"],"_links":{"self":[{"href":"https:\/\/habereder-holzbau.de\/index.php?rest_route=\/wp\/v2\/pages\/61","targetHints":{"allow":["GET"]}}],"collection":[{"href":"https:\/\/habereder-holzbau.de\/index.php?rest_route=\/wp\/v2\/pages"}],"about":[{"href":"https:\/\/habereder-holzbau.de\/index.php?rest_route=\/wp\/v2\/types\/page"}],"author":[{"embeddable":true,"href":"https:\/\/habereder-holzbau.de\/index.php?rest_route=\/wp\/v2\/users\/1"}],"replies":[{"embeddable":true,"href":"https:\/\/habereder-holzbau.de\/index.php?rest_route=%2Fwp%2Fv2%2Fcomments&post=61"}],"version-history":[{"count":17,"href":"https:\/\/habereder-holzbau.de\/index.php?rest_route=\/wp\/v2\/pages\/61\/revisions"}],"predecessor-version":[{"id":133,"href":"https:\/\/habereder-holzbau.de\/index.php?rest_route=\/wp\/v2\/pages\/61\/revisions\/133"}],"wp:attachment":[{"href":"https:\/\/habereder-holzbau.de\/index.php?rest_route=%2Fwp%2Fv2%2Fmedia&parent=61"}],"curies":[{"name":"wp","href":"https:\/\/api.w.org\/{rel}","templated":true}]}}