{"id":54,"date":"2026-02-22T15:32:12","date_gmt":"2026-02-22T15:32:12","guid":{"rendered":"https:\/\/habereder-holzbau.de\/?page_id=54"},"modified":"2026-02-23T23:01:31","modified_gmt":"2026-02-23T23:01:31","slug":"unsere-dienstleistungen","status":"publish","type":"page","link":"https:\/\/habereder-holzbau.de\/?page_id=54","title":{"rendered":"Unsere Dienstleistungen"},"content":{"rendered":"\n<div class=\"wp-block-group alignfull is-style-default has-global-padding is-layout-constrained wp-container-core-group-is-layout-ebee8dc1 wp-block-group-is-layout-constrained\" style=\"margin-top:0;margin-bottom:0;padding-top:var(--wp--preset--spacing--50);padding-bottom:var(--wp--preset--spacing--50)\">\n<div class=\"wp-block-columns alignwide is-layout-flex wp-container-core-columns-is-layout-7389a5db wp-block-columns-is-layout-flex\" style=\"margin-top:0;margin-bottom:0;padding-right:0;padding-left:0\">\n<div class=\"wp-block-column is-layout-flow wp-block-column-is-layout-flow\">\n<figure data-wp-context=\"{&quot;imageId&quot;:&quot;69e1d3cc20cdc&quot;}\" data-wp-interactive=\"core\/image\" data-wp-key=\"69e1d3cc20cdc\" class=\"wp-block-image size-large wp-lightbox-container\"><img loading=\"lazy\" decoding=\"async\" width=\"1200\" height=\"1200\" data-wp-class--hide=\"state.isContentHidden\" data-wp-class--show=\"state.isContentVisible\" data-wp-init=\"callbacks.setButtonStyles\" data-wp-on--click=\"actions.showLightbox\" data-wp-on--load=\"callbacks.setButtonStyles\" data-wp-on-window--resize=\"callbacks.setButtonStyles\" src=\"https:\/\/habereder-holzbau.de\/wp-content\/uploads\/2026\/02\/image-edited.png\" alt=\"\" class=\"wp-image-51\" srcset=\"https:\/\/habereder-holzbau.de\/wp-content\/uploads\/2026\/02\/image-edited.png 1200w, https:\/\/habereder-holzbau.de\/wp-content\/uploads\/2026\/02\/image-edited-300x300.png 300w, https:\/\/habereder-holzbau.de\/wp-content\/uploads\/2026\/02\/image-edited-1024x1024.png 1024w, https:\/\/habereder-holzbau.de\/wp-content\/uploads\/2026\/02\/image-edited-150x150.png 150w, https:\/\/habereder-holzbau.de\/wp-content\/uploads\/2026\/02\/image-edited-768x768.png 768w\" sizes=\"auto, (max-width: 1200px) 100vw, 1200px\" \/><button\n\t\t\tclass=\"lightbox-trigger\"\n\t\t\ttype=\"button\"\n\t\t\taria-haspopup=\"dialog\"\n\t\t\taria-label=\"Vergr\u00f6\u00dfern\"\n\t\t\tdata-wp-init=\"callbacks.initTriggerButton\"\n\t\t\tdata-wp-on--click=\"actions.showLightbox\"\n\t\t\tdata-wp-style--right=\"state.imageButtonRight\"\n\t\t\tdata-wp-style--top=\"state.imageButtonTop\"\n\t\t>\n\t\t\t<svg xmlns=\"http:\/\/www.w3.org\/2000\/svg\" width=\"12\" height=\"12\" fill=\"none\" viewBox=\"0 0 12 12\">\n\t\t\t\t<path fill=\"#fff\" d=\"M2 0a2 2 0 0 0-2 2v2h1.5V2a.5.5 0 0 1 .5-.5h2V0H2Zm2 10.5H2a.5.5 0 0 1-.5-.5V8H0v2a2 2 0 0 0 2 2h2v-1.5ZM8 12v-1.5h2a.5.5 0 0 0 .5-.5V8H12v2a2 2 0 0 1-2 2H8Zm2-12a2 2 0 0 1 2 2v2h-1.5V2a.5.5 0 0 0-.5-.5H8V0h2Z\" \/>\n\t\t\t<\/svg>\n\t\t<\/button><\/figure>\n\n\n\n<h3 class=\"wp-block-heading\"><a href=\"https:\/\/habereder-holzbau.de\/?page_id=61\" data-type=\"page\" data-id=\"61\">Bau von Holzh\u00e4usern<\/a><\/h3>\n\n\n\n<p class=\"has-medium-font-size\">Wir sind spezialisiert auf den Bau von Holzh\u00e4usern, die sowohl \u00e4sthetisch ansprechend als auch funktional sind.<\/p>\n<\/div>\n\n\n\n<div class=\"wp-block-column is-layout-flow wp-block-column-is-layout-flow\">\n<figure class=\"wp-block-image size-large\"><img loading=\"lazy\" decoding=\"async\" width=\"844\" height=\"844\" src=\"https:\/\/habereder-holzbau.de\/wp-content\/uploads\/2026\/02\/Gewerbe-edited.jpg\" alt=\"\" class=\"wp-image-198\" srcset=\"https:\/\/habereder-holzbau.de\/wp-content\/uploads\/2026\/02\/Gewerbe-edited.jpg 844w, https:\/\/habereder-holzbau.de\/wp-content\/uploads\/2026\/02\/Gewerbe-edited-300x300.jpg 300w, https:\/\/habereder-holzbau.de\/wp-content\/uploads\/2026\/02\/Gewerbe-edited-150x150.jpg 150w, https:\/\/habereder-holzbau.de\/wp-content\/uploads\/2026\/02\/Gewerbe-edited-768x768.jpg 768w\" sizes=\"auto, (max-width: 844px) 100vw, 844px\" \/><\/figure>\n\n\n\n<h3 class=\"wp-block-heading\">Gewerbliche\u00a0Bauarbeiten<\/h3>\n\n\n\n<p class=\"has-medium-font-size\">Wir \u00fcbernehmen professionelle gewerbliche Bauarbeiten \u2013 zuverl\u00e4ssig, termingerecht und exakt nach Ihren Anforderungen umgesetzt.<\/p>\n<\/div>\n\n\n\n<div class=\"wp-block-column is-layout-flow wp-block-column-is-layout-flow\">\n<figure class=\"wp-block-image size-large\"><img loading=\"lazy\" decoding=\"async\" width=\"1536\" height=\"1536\" src=\"https:\/\/habereder-holzbau.de\/wp-content\/uploads\/2026\/02\/poolbau_06-edited.jpg\" alt=\"\" class=\"wp-image-195\" srcset=\"https:\/\/habereder-holzbau.de\/wp-content\/uploads\/2026\/02\/poolbau_06-edited.jpg 1536w, https:\/\/habereder-holzbau.de\/wp-content\/uploads\/2026\/02\/poolbau_06-edited-300x300.jpg 300w, https:\/\/habereder-holzbau.de\/wp-content\/uploads\/2026\/02\/poolbau_06-edited-1024x1024.jpg 1024w, https:\/\/habereder-holzbau.de\/wp-content\/uploads\/2026\/02\/poolbau_06-edited-150x150.jpg 150w, https:\/\/habereder-holzbau.de\/wp-content\/uploads\/2026\/02\/poolbau_06-edited-768x768.jpg 768w\" sizes=\"auto, (max-width: 1536px) 100vw, 1536px\" \/><\/figure>\n\n\n\n<h3 class=\"wp-block-heading\">Poolbau<\/h3>\n\n\n\n<p class=\"has-medium-font-size\">Wir planen und bauen individuelle Pools \u2013 perfekt abgestimmt auf Ihre W\u00fcnsche und Ihren Garten.<\/p>\n<\/div>\n<\/div>\n<\/div>\n\n\n\n<div class=\"wp-block-columns alignwide is-layout-flex wp-container-core-columns-is-layout-28f84493 wp-block-columns-is-layout-flex\">\n<div class=\"wp-block-column is-layout-flow wp-block-column-is-layout-flow\">\n<figure data-wp-context=\"{&quot;imageId&quot;:&quot;69e1d3cc23314&quot;}\" data-wp-interactive=\"core\/image\" data-wp-key=\"69e1d3cc23314\" class=\"wp-block-image size-large wp-lightbox-container\"><img loading=\"lazy\" decoding=\"async\" width=\"1201\" height=\"1200\" data-wp-class--hide=\"state.isContentHidden\" data-wp-class--show=\"state.isContentVisible\" data-wp-init=\"callbacks.setButtonStyles\" data-wp-on--click=\"actions.showLightbox\" data-wp-on--load=\"callbacks.setButtonStyles\" data-wp-on-window--resize=\"callbacks.setButtonStyles\" src=\"https:\/\/habereder-holzbau.de\/wp-content\/uploads\/2026\/02\/image-1-edited.png\" alt=\"\" class=\"wp-image-50\" srcset=\"https:\/\/habereder-holzbau.de\/wp-content\/uploads\/2026\/02\/image-1-edited.png 1201w, https:\/\/habereder-holzbau.de\/wp-content\/uploads\/2026\/02\/image-1-edited-300x300.png 300w, https:\/\/habereder-holzbau.de\/wp-content\/uploads\/2026\/02\/image-1-edited-1024x1024.png 1024w, https:\/\/habereder-holzbau.de\/wp-content\/uploads\/2026\/02\/image-1-edited-150x150.png 150w, https:\/\/habereder-holzbau.de\/wp-content\/uploads\/2026\/02\/image-1-edited-768x767.png 768w\" sizes=\"auto, (max-width: 1201px) 100vw, 1201px\" \/><button\n\t\t\tclass=\"lightbox-trigger\"\n\t\t\ttype=\"button\"\n\t\t\taria-haspopup=\"dialog\"\n\t\t\taria-label=\"Vergr\u00f6\u00dfern\"\n\t\t\tdata-wp-init=\"callbacks.initTriggerButton\"\n\t\t\tdata-wp-on--click=\"actions.showLightbox\"\n\t\t\tdata-wp-style--right=\"state.imageButtonRight\"\n\t\t\tdata-wp-style--top=\"state.imageButtonTop\"\n\t\t>\n\t\t\t<svg xmlns=\"http:\/\/www.w3.org\/2000\/svg\" width=\"12\" height=\"12\" fill=\"none\" viewBox=\"0 0 12 12\">\n\t\t\t\t<path fill=\"#fff\" d=\"M2 0a2 2 0 0 0-2 2v2h1.5V2a.5.5 0 0 1 .5-.5h2V0H2Zm2 10.5H2a.5.5 0 0 1-.5-.5V8H0v2a2 2 0 0 0 2 2h2v-1.5ZM8 12v-1.5h2a.5.5 0 0 0 .5-.5V8H12v2a2 2 0 0 1-2 2H8Zm2-12a2 2 0 0 1 2 2v2h-1.5V2a.5.5 0 0 0-.5-.5H8V0h2Z\" \/>\n\t\t\t<\/svg>\n\t\t<\/button><\/figure>\n\n\n\n<h3 class=\"wp-block-heading\">Innenausbauarbeiten<\/h3>\n\n\n\n<p class=\"has-medium-font-size\">Unsere Innenausbauarbeiten umfassen die Gestaltung und den Bau von individuellen L\u00f6sungen f\u00fcr Wohn-und Gesch\u00e4ftsr\u00e4ume.<\/p>\n<\/div>\n\n\n\n<div class=\"wp-block-column is-layout-flow wp-block-column-is-layout-flow\">\n<figure class=\"wp-block-image size-large\"><img loading=\"lazy\" decoding=\"async\" width=\"1024\" height=\"1024\" src=\"https:\/\/habereder-holzbau.de\/wp-content\/uploads\/2026\/02\/kellerbar_01-edited-1024x1024.jpg\" alt=\"\" class=\"wp-image-185\" srcset=\"https:\/\/habereder-holzbau.de\/wp-content\/uploads\/2026\/02\/kellerbar_01-edited-1024x1024.jpg 1024w, https:\/\/habereder-holzbau.de\/wp-content\/uploads\/2026\/02\/kellerbar_01-edited-300x300.jpg 300w, https:\/\/habereder-holzbau.de\/wp-content\/uploads\/2026\/02\/kellerbar_01-edited-150x150.jpg 150w, https:\/\/habereder-holzbau.de\/wp-content\/uploads\/2026\/02\/kellerbar_01-edited-768x768.jpg 768w, https:\/\/habereder-holzbau.de\/wp-content\/uploads\/2026\/02\/kellerbar_01-edited.jpg 1536w\" sizes=\"auto, (max-width: 1024px) 100vw, 1024px\" \/><\/figure>\n\n\n\n<h3 class=\"wp-block-heading\"><a href=\"https:\/\/habereder-holzbau.de\/?page_id=69\" data-type=\"page\" data-id=\"69\">Renovierung<\/a><\/h3>\n\n\n\n<p class=\"has-medium-font-size\">Unsere Renovierungsdienste zielen darauf ab, bestehende Strukturen neu zu gestalten und deren Lebensdauer zu verl\u00e4ngern.<\/p>\n<\/div>\n\n\n\n<div class=\"wp-block-column is-layout-flow wp-block-column-is-layout-flow\">\n<figure data-wp-context=\"{&quot;imageId&quot;:&quot;69e1d3cc239b8&quot;}\" data-wp-interactive=\"core\/image\" data-wp-key=\"69e1d3cc239b8\" class=\"wp-block-image size-large wp-lightbox-container\"><img loading=\"lazy\" decoding=\"async\" width=\"1024\" height=\"1024\" data-wp-class--hide=\"state.isContentHidden\" data-wp-class--show=\"state.isContentVisible\" data-wp-init=\"callbacks.setButtonStyles\" data-wp-on--click=\"actions.showLightbox\" data-wp-on--load=\"callbacks.setButtonStyles\" data-wp-on-window--resize=\"callbacks.setButtonStyles\" src=\"https:\/\/habereder-holzbau.de\/wp-content\/uploads\/2026\/02\/image-3-edited-1024x1024.png\" alt=\"\" class=\"wp-image-49\" srcset=\"https:\/\/habereder-holzbau.de\/wp-content\/uploads\/2026\/02\/image-3-edited-1024x1024.png 1024w, https:\/\/habereder-holzbau.de\/wp-content\/uploads\/2026\/02\/image-3-edited-300x300.png 300w, https:\/\/habereder-holzbau.de\/wp-content\/uploads\/2026\/02\/image-3-edited-150x150.png 150w, https:\/\/habereder-holzbau.de\/wp-content\/uploads\/2026\/02\/image-3-edited-768x768.png 768w, https:\/\/habereder-holzbau.de\/wp-content\/uploads\/2026\/02\/image-3-edited.png 1200w\" sizes=\"auto, (max-width: 1024px) 100vw, 1024px\" \/><button\n\t\t\tclass=\"lightbox-trigger\"\n\t\t\ttype=\"button\"\n\t\t\taria-haspopup=\"dialog\"\n\t\t\taria-label=\"Vergr\u00f6\u00dfern\"\n\t\t\tdata-wp-init=\"callbacks.initTriggerButton\"\n\t\t\tdata-wp-on--click=\"actions.showLightbox\"\n\t\t\tdata-wp-style--right=\"state.imageButtonRight\"\n\t\t\tdata-wp-style--top=\"state.imageButtonTop\"\n\t\t>\n\t\t\t<svg xmlns=\"http:\/\/www.w3.org\/2000\/svg\" width=\"12\" height=\"12\" fill=\"none\" viewBox=\"0 0 12 12\">\n\t\t\t\t<path fill=\"#fff\" d=\"M2 0a2 2 0 0 0-2 2v2h1.5V2a.5.5 0 0 1 .5-.5h2V0H2Zm2 10.5H2a.5.5 0 0 1-.5-.5V8H0v2a2 2 0 0 0 2 2h2v-1.5ZM8 12v-1.5h2a.5.5 0 0 0 .5-.5V8H12v2a2 2 0 0 1-2 2H8Zm2-12a2 2 0 0 1 2 2v2h-1.5V2a.5.5 0 0 0-.5-.5H8V0h2Z\" \/>\n\t\t\t<\/svg>\n\t\t<\/button><\/figure>\n\n\n\n<h3 class=\"wp-block-heading\">M\u00f6belherstellung<\/h3>\n\n\n\n<p class=\"has-medium-font-size\">Wir bieten ma\u00dfgeschneiderte M\u00f6belherstellung an, die auf die individuellen Bed\u00fcrfnisse und Stile unserer Kunden abgestimmt ist.<\/p>\n<\/div>\n<\/div>\n","protected":false},"excerpt":{"rendered":"<p>Bau von Holzh\u00e4usern Wir sind spezialisiert auf den Bau von Holzh\u00e4usern, die sowohl \u00e4sthetisch ansprechend als auch funktional sind. Gewerbliche\u00a0Bauarbeiten Wir \u00fcbernehmen professionelle gewerbliche Bauarbeiten \u2013 zuverl\u00e4ssig, termingerecht und exakt nach Ihren Anforderungen umgesetzt. Poolbau Wir planen und bauen individuelle Pools \u2013 perfekt abgestimmt auf Ihre W\u00fcnsche und Ihren Garten. Innenausbauarbeiten Unsere Innenausbauarbeiten umfassen die [&hellip;]<\/p>\n","protected":false},"author":1,"featured_media":0,"parent":0,"menu_order":0,"comment_status":"closed","ping_status":"closed","template":"","meta":{"footnotes":""},"class_list":["post-54","page","type-page","status-publish","hentry"],"_links":{"self":[{"href":"https:\/\/habereder-holzbau.de\/index.php?rest_route=\/wp\/v2\/pages\/54","targetHints":{"allow":["GET"]}}],"collection":[{"href":"https:\/\/habereder-holzbau.de\/index.php?rest_route=\/wp\/v2\/pages"}],"about":[{"href":"https:\/\/habereder-holzbau.de\/index.php?rest_route=\/wp\/v2\/types\/page"}],"author":[{"embeddable":true,"href":"https:\/\/habereder-holzbau.de\/index.php?rest_route=\/wp\/v2\/users\/1"}],"replies":[{"embeddable":true,"href":"https:\/\/habereder-holzbau.de\/index.php?rest_route=%2Fwp%2Fv2%2Fcomments&post=54"}],"version-history":[{"count":15,"href":"https:\/\/habereder-holzbau.de\/index.php?rest_route=\/wp\/v2\/pages\/54\/revisions"}],"predecessor-version":[{"id":199,"href":"https:\/\/habereder-holzbau.de\/index.php?rest_route=\/wp\/v2\/pages\/54\/revisions\/199"}],"wp:attachment":[{"href":"https:\/\/habereder-holzbau.de\/index.php?rest_route=%2Fwp%2Fv2%2Fmedia&parent=54"}],"curies":[{"name":"wp","href":"https:\/\/api.w.org\/{rel}","templated":true}]}}